{"id":13,"date":"2023-06-29T11:09:03","date_gmt":"2023-06-29T11:09:03","guid":{"rendered":"https:\/\/zapateriasoledad.com\/?page_id=13"},"modified":"2025-06-16T11:38:11","modified_gmt":"2025-06-16T11:38:11","slug":"home","status":"publish","type":"page","link":"https:\/\/zapateriasoledad.com\/","title":{"rendered":"La zapater\u00eda de moda que est\u00e1bamos esperando en Palencia."},"content":{"rendered":"\n<p>Para pisar con fuerza, caminar con decisi\u00f3n o ir c\u00f3modo por el mundo: SOLEDAD. <\/p>\n\n\n\n<p>Descubre las nuevas colecciones de tus marcas favoritas.<\/p>\n\n\n\n<p>Disfruta del color y los dise\u00f1os que te har\u00e1n \u00fanica&#8230;<\/p>\n\n\n\n<div class=\"wp-block-cover alignfull is-light hestia-clear-top-padding\"><span aria-hidden=\"true\" class=\"wp-block-cover__background has-white-background-color has-background-dim-100 has-background-dim\"><\/span><div class=\"wp-block-cover__inner-container\">\n<h2 class=\"wp-block-heading has-text-align-center has-text-color\" style=\"color:#3c4858\">NUESTRAS MARCAS<\/h2>\n\n\n\n<div style=\"height:40px\" aria-hidden=\"true\" class=\"wp-block-spacer\"><\/div>\n\n\n\n<div class=\"wp-block-columns container is-layout-flex wp-container-4\">\n<div class=\"wp-block-column is-layout-flow\"><div class=\"wp-block-image\">\n<figure class=\"aligncenter size-full is-resized\"><a href=\"https:\/\/xtistore.com\/es_ES\/\"><img decoding=\"async\" loading=\"lazy\" src=\"https:\/\/zapateriasoledad.com\/wp-content\/uploads\/2023\/09\/Xti-Logo-Black.png\" alt=\"\" class=\"wp-image-60\" width=\"99\" height=\"54\" srcset=\"https:\/\/zapateriasoledad.com\/wp-content\/uploads\/2023\/09\/Xti-Logo-Black.png 320w, https:\/\/zapateriasoledad.com\/wp-content\/uploads\/2023\/09\/Xti-Logo-Black-300x164.png 300w\" sizes=\"(max-width: 99px) 100vw, 99px\" \/><\/a><\/figure><\/div>\n\n\n<figure class=\"wp-block-embed is-type-video is-provider-youtube wp-block-embed-youtube wp-embed-aspect-16-9 wp-has-aspect-ratio\"><div class=\"wp-block-embed__wrapper\">\n<iframe loading=\"lazy\" title=\"Mar\u00eda Becerra en tu propio para xti shoes #shorts #mariabecerra\" width=\"950\" height=\"534\" src=\"https:\/\/www.youtube.com\/embed\/0VpXbnSwHYY?feature=oembed\" frameborder=\"0\" allow=\"accelerometer; autoplay; clipboard-write; encrypted-media; gyroscope; picture-in-picture; web-share\" referrerpolicy=\"strict-origin-when-cross-origin\" allowfullscreen><\/iframe>\n<\/div><\/figure>\n\n\n\n<p class=\"has-text-align-center has-text-color\" style=\"color:#999999;font-size:14px\"><\/p>\n\n\n\n<p>Xti es una de las marcas espa\u00f1olas m\u00e1s populares de calzado,&nbsp;<strong>caracterizada por un dise\u00f1o innovador en todas sus temporadas<\/strong>. Actualiz\u00e1ndose constantemente en las \u00faltimas tendencias de moda europea para hombre y mujer, con distribuci\u00f3n en m\u00e1s de 80 pa\u00edses.<\/p>\n\n\n\n<div style=\"height:25px\" aria-hidden=\"true\" class=\"wp-block-spacer\"><\/div>\n<\/div>\n\n\n\n<div class=\"wp-block-column is-layout-flow\"><div class=\"wp-block-image\">\n<figure class=\"aligncenter size-large\"><a href=\"https:\/\/refreshoes.com\/\"><img decoding=\"async\" loading=\"lazy\" width=\"1024\" height=\"214\" src=\"https:\/\/zapateriasoledad.com\/wp-content\/uploads\/2023\/09\/x11.jpg.pagespeed.ic_.aM1c8dnIy8-1024x214.png\" alt=\"\" class=\"wp-image-62\" srcset=\"https:\/\/zapateriasoledad.com\/wp-content\/uploads\/2023\/09\/x11.jpg.pagespeed.ic_.aM1c8dnIy8-1024x214.png 1024w, https:\/\/zapateriasoledad.com\/wp-content\/uploads\/2023\/09\/x11.jpg.pagespeed.ic_.aM1c8dnIy8-300x63.png 300w, https:\/\/zapateriasoledad.com\/wp-content\/uploads\/2023\/09\/x11.jpg.pagespeed.ic_.aM1c8dnIy8-768x160.png 768w, https:\/\/zapateriasoledad.com\/wp-content\/uploads\/2023\/09\/x11.jpg.pagespeed.ic_.aM1c8dnIy8.png 1431w\" sizes=\"(max-width: 1024px) 100vw, 1024px\" \/><\/a><\/figure><\/div>\n\n\n<figure class=\"wp-block-embed is-type-video is-provider-youtube wp-block-embed-youtube wp-embed-aspect-16-9 wp-has-aspect-ratio\"><div class=\"wp-block-embed__wrapper\">\n<iframe loading=\"lazy\" title=\"Zapatillas perfectas para la primavera | Refresh Shoes\" width=\"950\" height=\"534\" src=\"https:\/\/www.youtube.com\/embed\/MM6Gnjp5kyw?feature=oembed\" frameborder=\"0\" allow=\"accelerometer; autoplay; clipboard-write; encrypted-media; gyroscope; picture-in-picture; web-share\" referrerpolicy=\"strict-origin-when-cross-origin\" allowfullscreen><\/iframe>\n<\/div><\/figure>\n\n\n\n<p>Refresh es uno de los estandartes de Xti.&nbsp;<strong>Una marca de calzado refrescante, joven y efervescente<\/strong>. Hiperactiva, din\u00e1mica y atrevida, enfocada a nuestras clientas m\u00e1s j\u00f3venes, alocadas, divertidas y osadas. Es un calzado atractivo y casual, con dise\u00f1os, colores y tejidos de calidad al precio m\u00e1s competitivo..<\/p>\n\n\n\n<div style=\"height:25px\" aria-hidden=\"true\" class=\"wp-block-spacer\"><\/div>\n<\/div>\n\n\n\n<div class=\"wp-block-column is-layout-flow\"><div class=\"wp-block-image\">\n<figure class=\"aligncenter size-full is-resized\"><a href=\"https:\/\/carmelashoes.com\/\"><img decoding=\"async\" loading=\"lazy\" src=\"https:\/\/zapateriasoledad.com\/wp-content\/uploads\/2023\/09\/descarga.png\" alt=\"\" class=\"wp-image-63\" width=\"329\" height=\"54\" srcset=\"https:\/\/zapateriasoledad.com\/wp-content\/uploads\/2023\/09\/descarga.png 552w, https:\/\/zapateriasoledad.com\/wp-content\/uploads\/2023\/09\/descarga-300x49.png 300w\" sizes=\"(max-width: 329px) 100vw, 329px\" \/><\/a><\/figure><\/div>\n\n\n<figure class=\"wp-block-embed is-type-video is-provider-youtube wp-block-embed-youtube wp-embed-aspect-16-9 wp-has-aspect-ratio\"><div class=\"wp-block-embed__wrapper\">\n<iframe loading=\"lazy\" title=\"NOVEDADES DE CARMELA \ud83e\udd0e\" width=\"950\" height=\"534\" src=\"https:\/\/www.youtube.com\/embed\/r8_-jDu05So?feature=oembed\" frameborder=\"0\" allow=\"accelerometer; autoplay; clipboard-write; encrypted-media; gyroscope; picture-in-picture; web-share\" referrerpolicy=\"strict-origin-when-cross-origin\" allowfullscreen><\/iframe>\n<\/div><\/figure>\n\n\n\n<p>Calidad, dise\u00f1o y mucha comodidad, estos son los tres valores que&nbsp;conforman a Carmela Shoes. Los zapatos de mujer Carmela se han convertido en la mejor opci\u00f3n para un g\u00e9nero que destaca por su inteligencia, exigencia y car\u00e1cter ahorrativo.<\/p>\n\n\n\n<p><strong>Impecables creaciones que representan su delicada inclinaci\u00f3n a los detalles<\/strong>, materiales resistentes que perduran ante paseos por el campo, ciudad o playa y un precio que aunque sorprenda, no escatima en piezas que tambi\u00e9n acompa\u00f1an en cualquier gala.&nbsp;<\/p>\n\n\n\n<p>El \u00e9xito que ahora impulsa a Carmela Shoes, se debe a la confianza que muchas mujeres conscientes de que la mejor opci\u00f3n no suele ser la m\u00e1s costosa, sino aquella que m\u00e1s comprende las necesidades y ofrece comodidad, sin caer en exagerados costos.<\/p>\n\n\n\n<div style=\"height:25px\" aria-hidden=\"true\" class=\"wp-block-spacer\"><\/div>\n<\/div>\n<\/div>\n<\/div><\/div>\n\n\n\n<h2 class=\"wp-block-heading\">Quienes somos<\/h2>\n\n\n\n<p>Soledad, empresa 100%Palentina, Ana y Fernando hermanos despu\u00e9s de varios a\u00f1os en el sector empresarial y dedic\u00e1ndose a la venta de calzado en la capital en otras tiendas que regentan, CALZADOS LA TRASTIENDA Y FERANA Zapater\u00eda ubicadas en San Pablo 6 y Avda. Casado del Alisal 47 respectivamente, apuestan por algo nuevo otro concepto otras marcas, otro enfoque y aqu\u00ed os presentamos Soledad con gran variedad de estilos y tendencias para la chica y mujer hoy\u2026.. <br>En Soledad te gusta, te lo pruebas, te lo llevas\u2026.<\/p>\n\n\n\n<figure class=\"wp-block-gallery has-nested-images columns-default is-cropped wp-block-gallery-5 is-layout-flex\">\n<figure class=\"wp-block-image size-large\"><img decoding=\"async\" loading=\"lazy\" width=\"1024\" height=\"576\" data-id=\"102\"  src=\"https:\/\/zapateriasoledad.com\/wp-content\/uploads\/2023\/09\/1695115609216-1-1024x576.jpg\" alt=\"\" class=\"wp-image-102\" srcset=\"https:\/\/zapateriasoledad.com\/wp-content\/uploads\/2023\/09\/1695115609216-1-1024x576.jpg 1024w, https:\/\/zapateriasoledad.com\/wp-content\/uploads\/2023\/09\/1695115609216-1-300x169.jpg 300w, https:\/\/zapateriasoledad.com\/wp-content\/uploads\/2023\/09\/1695115609216-1-768x432.jpg 768w, https:\/\/zapateriasoledad.com\/wp-content\/uploads\/2023\/09\/1695115609216-1-1536x864.jpg 1536w, https:\/\/zapateriasoledad.com\/wp-content\/uploads\/2023\/09\/1695115609216-1.jpg 1599w\" sizes=\"(max-width: 1024px) 100vw, 1024px\" \/><\/figure>\n\n\n\n<figure class=\"wp-block-image size-large\"><img decoding=\"async\" loading=\"lazy\" width=\"576\" height=\"1024\" data-id=\"103\"  src=\"https:\/\/zapateriasoledad.com\/wp-content\/uploads\/2023\/09\/1695115609224-2-576x1024.jpg\" alt=\"\" class=\"wp-image-103\" srcset=\"https:\/\/zapateriasoledad.com\/wp-content\/uploads\/2023\/09\/1695115609224-2-576x1024.jpg 576w, https:\/\/zapateriasoledad.com\/wp-content\/uploads\/2023\/09\/1695115609224-2-169x300.jpg 169w, https:\/\/zapateriasoledad.com\/wp-content\/uploads\/2023\/09\/1695115609224-2-768x1366.jpg 768w, https:\/\/zapateriasoledad.com\/wp-content\/uploads\/2023\/09\/1695115609224-2-864x1536.jpg 864w, https:\/\/zapateriasoledad.com\/wp-content\/uploads\/2023\/09\/1695115609224-2.jpg 899w\" sizes=\"(max-width: 576px) 100vw, 576px\" \/><\/figure>\n\n\n\n<figure class=\"wp-block-image size-large\"><img decoding=\"async\" loading=\"lazy\" width=\"1024\" height=\"576\" data-id=\"101\"  src=\"https:\/\/zapateriasoledad.com\/wp-content\/uploads\/2023\/09\/1695115634271-2-1024x576.jpg\" alt=\"\" class=\"wp-image-101\" srcset=\"https:\/\/zapateriasoledad.com\/wp-content\/uploads\/2023\/09\/1695115634271-2-1024x576.jpg 1024w, https:\/\/zapateriasoledad.com\/wp-content\/uploads\/2023\/09\/1695115634271-2-300x169.jpg 300w, https:\/\/zapateriasoledad.com\/wp-content\/uploads\/2023\/09\/1695115634271-2-768x432.jpg 768w, https:\/\/zapateriasoledad.com\/wp-content\/uploads\/2023\/09\/1695115634271-2-1536x864.jpg 1536w, https:\/\/zapateriasoledad.com\/wp-content\/uploads\/2023\/09\/1695115634271-2.jpg 1599w\" sizes=\"(max-width: 1024px) 100vw, 1024px\" \/><\/figure>\n\n\n\n<figure class=\"wp-block-image size-large\"><img decoding=\"async\" loading=\"lazy\" width=\"576\" height=\"1024\" data-id=\"100\"  src=\"https:\/\/zapateriasoledad.com\/wp-content\/uploads\/2023\/09\/1695115634290-1-576x1024.jpg\" alt=\"\" class=\"wp-image-100\" srcset=\"https:\/\/zapateriasoledad.com\/wp-content\/uploads\/2023\/09\/1695115634290-1-576x1024.jpg 576w, https:\/\/zapateriasoledad.com\/wp-content\/uploads\/2023\/09\/1695115634290-1-169x300.jpg 169w, https:\/\/zapateriasoledad.com\/wp-content\/uploads\/2023\/09\/1695115634290-1-768x1366.jpg 768w, https:\/\/zapateriasoledad.com\/wp-content\/uploads\/2023\/09\/1695115634290-1-864x1536.jpg 864w, https:\/\/zapateriasoledad.com\/wp-content\/uploads\/2023\/09\/1695115634290-1.jpg 899w\" sizes=\"(max-width: 576px) 100vw, 576px\" \/><\/figure>\n<\/figure>\n\n\n\n<p><a href=\"https:\/\/www.diariopalentino.es\/noticia\/z0638d17e-afa6-81e5-ffd160c3db42612f\/202304\/tercera-zapateria-con-sello-familiar\">https:\/\/www.diariopalentino.es\/noticia\/z0638d17e-afa6-81e5-ffd160c3db42612f\/202304\/tercera-zapateria-con-sello-familiar<\/a><\/p>\n\n\n\n<p><\/p>\n\n\n\n<hr class=\"wp-block-separator has-alpha-channel-opacity\"\/>\n\n\n\n<figure class=\"wp-block-embed is-type-video is-provider-youtube wp-block-embed-youtube wp-embed-aspect-16-9 wp-has-aspect-ratio\"><div class=\"wp-block-embed__wrapper\">\n<iframe loading=\"lazy\" title=\"Spot Oto\u00f1o Invierno 2023 Zapater\u00eda Soledad\" width=\"950\" height=\"534\" src=\"https:\/\/www.youtube.com\/embed\/XgbWA-OCwnA?feature=oembed\" frameborder=\"0\" allow=\"accelerometer; autoplay; clipboard-write; encrypted-media; gyroscope; picture-in-picture; web-share\" referrerpolicy=\"strict-origin-when-cross-origin\" allowfullscreen><\/iframe>\n<\/div><\/figure>\n\n\n\n<hr class=\"wp-block-separator has-alpha-channel-opacity\"\/>\n","protected":false},"excerpt":{"rendered":"<p>Para pisar con fuerza, caminar con decisi\u00f3n o ir c\u00f3modo por el mundo: SOLEDAD. Descubre las nuevas colecciones de tus marcas favoritas. Disfruta del color y los dise\u00f1os que te har\u00e1n \u00fanica&#8230; Quienes somos Soledad, empresa 100%Palentina, Ana y Fernando hermanos despu\u00e9s de varios a\u00f1os en el sector empresarial y dedic\u00e1ndose a la venta de &hellip; <\/p>\n<p class=\"link-more\"><a href=\"https:\/\/zapateriasoledad.com\/\" class=\"more-link\">Leer m\u00e1s<span class=\"screen-reader-text\"> \u00abLa zapater\u00eda de moda que est\u00e1bamos esperando en Palencia.\u00bb<\/span><\/a><\/p>\n","protected":false},"author":1,"featured_media":0,"parent":0,"menu_order":0,"comment_status":"closed","ping_status":"closed","template":"","meta":{"om_disable_all_campaigns":false,"_mi_skip_tracking":false,"_monsterinsights_sitenote_active":false,"_monsterinsights_sitenote_note":"","_monsterinsights_sitenote_category":0},"aioseo_notices":[],"_links":{"self":[{"href":"https:\/\/zapateriasoledad.com\/index.php\/wp-json\/wp\/v2\/pages\/13"}],"collection":[{"href":"https:\/\/zapateriasoledad.com\/index.php\/wp-json\/wp\/v2\/pages"}],"about":[{"href":"https:\/\/zapateriasoledad.com\/index.php\/wp-json\/wp\/v2\/types\/page"}],"author":[{"embeddable":true,"href":"https:\/\/zapateriasoledad.com\/index.php\/wp-json\/wp\/v2\/users\/1"}],"replies":[{"embeddable":true,"href":"https:\/\/zapateriasoledad.com\/index.php\/wp-json\/wp\/v2\/comments?post=13"}],"version-history":[{"count":32,"href":"https:\/\/zapateriasoledad.com\/index.php\/wp-json\/wp\/v2\/pages\/13\/revisions"}],"predecessor-version":[{"id":699,"href":"https:\/\/zapateriasoledad.com\/index.php\/wp-json\/wp\/v2\/pages\/13\/revisions\/699"}],"wp:attachment":[{"href":"https:\/\/zapateriasoledad.com\/index.php\/wp-json\/wp\/v2\/media?parent=13"}],"curies":[{"name":"wp","href":"https:\/\/api.w.org\/{rel}","templated":true}]}}